{"id":3141,"date":"2020-06-11T14:39:51","date_gmt":"2020-06-11T14:39:51","guid":{"rendered":"http:\/\/www.biyofitos.com\/?post_type=product&#038;p=3141"},"modified":"2024-02-11T11:32:19","modified_gmt":"2024-02-11T08:32:19","slug":"bitki-2","status":"publish","type":"product","link":"https:\/\/www.biyofitos.com\/en\/urun\/bitki-2\/","title":{"rendered":"T\u0131bbi Bitki 2"},"content":{"rendered":"<p>[vc_row][vc_column][vc_column_text text_larger=&#8221;no&#8221;]Bu \u00fcr\u00fcn Biyofito Sa\u011fl\u0131k Ltd. \u015eti. tarat\u0131ndan \u00fcretilmektedir.[\/vc_column_text][\/vc_column][\/vc_row]<\/p>\n","protected":false},"excerpt":{"rendered":"<p>Bu \u00fcr\u00fcn Biyofito Sa\u011fl\u0131k Ltd. \u015eti. tarat\u0131ndan \u00fcretilmektedir.<\/p>\n","protected":false},"featured_media":3133,"comment_status":"open","ping_status":"closed","template":"","meta":[],"product_cat":[39],"product_tag":[],"_links":{"self":[{"href":"https:\/\/www.biyofitos.com\/en\/wp-json\/wp\/v2\/product\/3141"}],"collection":[{"href":"https:\/\/www.biyofitos.com\/en\/wp-json\/wp\/v2\/product"}],"about":[{"href":"https:\/\/www.biyofitos.com\/en\/wp-json\/wp\/v2\/types\/product"}],"replies":[{"embeddable":true,"href":"https:\/\/www.biyofitos.com\/en\/wp-json\/wp\/v2\/comments?post=3141"}],"wp:featuredmedia":[{"embeddable":true,"href":"https:\/\/www.biyofitos.com\/en\/wp-json\/wp\/v2\/media\/3133"}],"wp:attachment":[{"href":"https:\/\/www.biyofitos.com\/en\/wp-json\/wp\/v2\/media?parent=3141"}],"wp:term":[{"taxonomy":"product_cat","embeddable":true,"href":"https:\/\/www.biyofitos.com\/en\/wp-json\/wp\/v2\/product_cat?post=3141"},{"taxonomy":"product_tag","embeddable":true,"href":"https:\/\/www.biyofitos.com\/en\/wp-json\/wp\/v2\/product_tag?post=3141"}],"curies":[{"name":"wp","href":"https:\/\/api.w.org\/{rel}","templated":true}]}}