{"id":3140,"date":"2020-06-11T14:37:29","date_gmt":"2020-06-11T14:37:29","guid":{"rendered":"http:\/\/www.biyofitos.com\/?post_type=product&#038;p=3140"},"modified":"2023-03-08T10:28:53","modified_gmt":"2023-03-08T07:28:53","slug":"tibbi-bitki-6","status":"publish","type":"product","link":"https:\/\/www.biyofitos.com\/en\/urun\/tibbi-bitki-6\/","title":{"rendered":"T\u0131bbi Bitki 6"},"content":{"rendered":"<p>[vc_row][vc_column][vc_column_text text_larger=&#8221;no&#8221;]Bu \u00fcr\u00fcn Biyofito Sa\u011fl\u0131k Ltd. \u015eti. tarat\u0131ndan \u00fcretilmektedir.[\/vc_column_text][\/vc_column][\/vc_row]<\/p>\n","protected":false},"excerpt":{"rendered":"<p>Bu \u00fcr\u00fcn Biyofito Sa\u011fl\u0131k Ltd. \u015eti. tarat\u0131ndan \u00fcretilmektedir.<\/p>\n","protected":false},"featured_media":3137,"comment_status":"open","ping_status":"closed","template":"","meta":[],"product_cat":[39],"product_tag":[],"_links":{"self":[{"href":"https:\/\/www.biyofitos.com\/en\/wp-json\/wp\/v2\/product\/3140"}],"collection":[{"href":"https:\/\/www.biyofitos.com\/en\/wp-json\/wp\/v2\/product"}],"about":[{"href":"https:\/\/www.biyofitos.com\/en\/wp-json\/wp\/v2\/types\/product"}],"replies":[{"embeddable":true,"href":"https:\/\/www.biyofitos.com\/en\/wp-json\/wp\/v2\/comments?post=3140"}],"wp:featuredmedia":[{"embeddable":true,"href":"https:\/\/www.biyofitos.com\/en\/wp-json\/wp\/v2\/media\/3137"}],"wp:attachment":[{"href":"https:\/\/www.biyofitos.com\/en\/wp-json\/wp\/v2\/media?parent=3140"}],"wp:term":[{"taxonomy":"product_cat","embeddable":true,"href":"https:\/\/www.biyofitos.com\/en\/wp-json\/wp\/v2\/product_cat?post=3140"},{"taxonomy":"product_tag","embeddable":true,"href":"https:\/\/www.biyofitos.com\/en\/wp-json\/wp\/v2\/product_tag?post=3140"}],"curies":[{"name":"wp","href":"https:\/\/api.w.org\/{rel}","templated":true}]}}