{"id":3480,"date":"2021-02-04T16:57:46","date_gmt":"2021-02-04T13:57:46","guid":{"rendered":"https:\/\/www.biyofitos.com\/?page_id=3480"},"modified":"2021-02-04T16:57:46","modified_gmt":"2021-02-04T13:57:46","slug":"about","status":"publish","type":"page","link":"https:\/\/www.biyofitos.com\/en\/about\/","title":{"rendered":"About"},"content":{"rendered":"<p>[vc_row css=&#8221;.vc_custom_1499600383384{margin-bottom: 8vh !important;}&#8221;][vc_column offset=&#8221;vc_col-lg-offset-2 vc_col-lg-8 vc_col-md-offset-2 vc_col-md-8 vc_col-sm-offset-0&#8243; css=&#8221;.vc_custom_1499599304156{padding-top: 0px !important;}&#8221;]\n\t\t<div id=\"wd-5f8eef4ba43ab\" class=\"title-wrapper  woodmart-title-color-default woodmart-title-style-default woodmart-title-width-100 text-left woodmart-title-size-extra-large vc_custom_1603202926317\">\n\t\t\t\n\t\t\t<div class=\"liner-continer\">\n\t\t\t\t<span class=\"left-line\"><\/span>\n\t\t\t\t<h4 class=\"woodmart-title-container title  woodmart-font-weight-\" >Biyofitos Sa\u011fl\u0131k Ltd. \u015eti.<\/h4>\t\t\t\t\t\t\t\t<span class=\"right-line\"><\/span>\n\t\t\t<\/div>\n\t\t\t\n\t\t\t\n\t\t\t\t\t<\/div>\n\t\t\n\t\t[vc_custom_heading text=&#8221;HAKKIMIZDA&#8221; font_container=&#8221;tag:p|font_size:20|text_align:left|color:%23777777&#8243; google_fonts=&#8221;font_family:Lato%3A100%2C100italic%2C300%2C300italic%2Cregular%2Citalic%2C700%2C700italic%2C900%2C900italic|font_style:400%20regular%3A400%3Anormal&#8221; css=&#8221;.vc_custom_1603202956261{margin-top: -25px !important;}&#8221; el_class=&#8221;hidden-sm hidden-xs&#8221;][vc_custom_heading text=&#8221;Risus suspendisse a orci penatibus a felis suscipit consectetur vestibulum sodales dui cum ultricies lacus interdum. Per suspendisse adipiscing a suspendisse auctor nibh a et at curae condimentum suspendisse enim a eu scelerisque.&#8221; font_container=&#8221;tag:p|font_size:22|text_align:left|color:%238e8e8e&#8221; google_fonts=&#8221;font_family:Lato%3A100%2C100italic%2C300%2C300italic%2Cregular%2Citalic%2C700%2C700italic%2C900%2C900italic|font_style:300%20light%20italic%3A300%3Aitalic&#8221;][vc_row_inner][vc_column_inner width=&#8221;1\/2&#8243; css=&#8221;.vc_custom_1494857398526{padding-top: 0px !important;}&#8221;][vc_column_text css=&#8221;.vc_custom_1603203030688{margin-bottom: 20px !important;}&#8221; text_larger=&#8221;no&#8221;]<\/p>\n<p class=\"text-larger\">&#8220;Lorem ipsum dolor sit amet, consectetur adipiscing elit, sed do eiusmod tempor incididunt ut labore et dolore magna aliqua. Ut enim ad minim veniam, quis nostrud exercitation ullamco laboris nisi ut aliquip ex ea commodo consequat. Duis aute irure dolor in reprehenderit in voluptate velit esse cillum dolore eu fugiat nulla pariatur. Excepteur sint occaecat cupidatat non proident, sunt in culpa qui officia deserunt mollit anim id est laborum.&#8221;<\/p>\n<p>[\/vc_column_text][\/vc_column_inner][vc_column_inner width=&#8221;1\/2&#8243; css=&#8221;.vc_custom_1494857394949{padding-top: 0px !important;}&#8221;][vc_column_text css=&#8221;.vc_custom_1603203038518{margin-bottom: 20px !important;}&#8221; text_larger=&#8221;no&#8221;]<\/p>\n<p class=\"text-larger\">&#8220;Lorem ipsum dolor sit amet, consectetur adipiscing elit, sed do eiusmod tempor incididunt ut labore et dolore magna aliqua. Ut enim ad minim veniam, quis nostrud exercitation ullamco laboris nisi ut aliquip ex ea commodo consequat. Duis aute irure dolor in reprehenderit in voluptate velit esse cillum dolore eu fugiat nulla pariatur. Excepteur sint occaecat cupidatat non proident, sunt in culpa qui officia deserunt mollit anim id est laborum.&#8221;<\/p>\n<p>[\/vc_column_text][\/vc_column_inner][\/vc_row_inner][vc_separator color=&#8221;custom&#8221; accent_color=&#8221;rgba(10,10,10,0.12)&#8221; css=&#8221;.vc_custom_1499600318751{margin-bottom: 30px !important;padding-top: 10px !important;}&#8221;][vc_row_inner content_placement=&#8221;middle&#8221; css=&#8221;.vc_custom_1499600064550{padding-top: 0px !important;}&#8221;][vc_column_inner width=&#8221;1\/2&#8243; css=&#8221;.vc_custom_1499599961071{margin-bottom: 20px !important;padding-top: 0px !important;}&#8221;][\/vc_column_inner][vc_column_inner width=&#8221;1\/2&#8243; css=&#8221;.vc_custom_1499599970647{margin-bottom: 20px !important;padding-top: 0px !important;}&#8221;]\n\t\t\t<div class=\"woodmart-social-icons text-right icons-design-bordered icons-size-small color-scheme-dark social-share social-form-circle\">\n\t\t\t\t\t\t\t\t\t<a rel=\"nofollow\" href=\"https:\/\/www.facebook.com\/sharer\/sharer.php?u=https:\/\/www.biyofitos.com\/en\/about\/\" target=\"_blank\" class=\" woodmart-social-icon social-facebook\">\n\t\t\t\t\t\t<i class=\"fa fa-facebook\"><\/i>\n\t\t\t\t\t\t<span class=\"woodmart-social-icon-name\">Facebook<\/span>\n\t\t\t\t\t<\/a>\n\t\t\t\t\n\t\t\t\t\t\t\t\t\t<a rel=\"nofollow\" href=\"https:\/\/twitter.com\/share?url=https:\/\/www.biyofitos.com\/en\/about\/\" target=\"_blank\" class=\" woodmart-social-icon social-twitter\">\n\t\t\t\t\t\t<i class=\"fa fa-twitter\"><\/i>\n\t\t\t\t\t\t<span class=\"woodmart-social-icon-name\">Twitter<\/span>\n\t\t\t\t\t<\/a>\n\t\t\t\t\n\t\t\t\t\n\t\t\t\t\n\t\t\t\t\n\t\t\t\t\t\t\t\t\t<a rel=\"nofollow\" href=\"https:\/\/pinterest.com\/pin\/create\/button\/?url=https:\/\/www.biyofitos.com\/en\/about\/&media=https:\/\/www.biyofitos.com\/wp-includes\/images\/media\/default.png&description=About\" target=\"_blank\" class=\" woodmart-social-icon social-pinterest\">\n\t\t\t\t\t\t<i class=\"fa fa-pinterest\"><\/i>\n\t\t\t\t\t\t<span class=\"woodmart-social-icon-name\">Pinterest<\/span>\n\t\t\t\t\t<\/a>\n\t\t\t\t\n\t\t\t\t\n\t\t\t\t\t\t\t\t\t<a rel=\"nofollow\" href=\"https:\/\/www.linkedin.com\/shareArticle?mini=true&url=https:\/\/www.biyofitos.com\/en\/about\/\" target=\"_blank\" class=\" woodmart-social-icon social-linkedin\">\n\t\t\t\t\t\t<i class=\"fa fa-linkedin\"><\/i>\n\t\t\t\t\t\t<span class=\"woodmart-social-icon-name\">linkedin<\/span>\n\t\t\t\t\t<\/a>\n\t\t\t\t\n\t\t\t\t\n\t\t\t\t\n\t\t\t\t\n\t\t\t\t\n\t\t\t\t\n\t\t\t\t\n\t\t\t\t\n\t\t\t\t\n\t\t\t\t\n\t\t\t\t\t\t\t\t\n\t\t\t\t\n\t\t\t\t\t\t\t\t\t<a rel=\"nofollow\" href=\"https:\/\/telegram.me\/share\/url?url=https:\/\/www.biyofitos.com\/en\/about\/\" target=\"_blank\" class=\" woodmart-social-icon social-tg\">\n\t\t\t\t\t\t<i class=\"fa fa-telegram\"><\/i>\n\t\t\t\t\t\t<span class=\"woodmart-social-icon-name\">Telegram<\/span>\n\t\t\t\t\t<\/a>\n\t\t\t\t\n\t\t\t<\/div>\n\n\t\t[\/vc_column_inner][\/vc_row_inner][\/vc_column][\/vc_row]<\/p>\n","protected":false},"excerpt":{"rendered":"<p>[vc_row css=&#8221;.vc_custom_1499600383384{margin-bottom: 8vh !important;}&#8221;][vc_column offset=&#8221;vc_col-lg-offset-2 vc_col-lg-8 vc_col-md-offset-2 vc_col-md-8 vc_col-sm-offset-0&#8243; css=&#8221;.vc_custom_1499599304156{padding-top: 0px !important;}&#8221;][vc_custom_heading text=&#8221;HAKKIMIZDA&#8221; font_container=&#8221;tag:p|font_size:20|text_align:left|color:%23777777&#8243; google_fonts=&#8221;font_family:Lato%3A100%2C100italic%2C300%2C300italic%2Cregular%2Citalic%2C700%2C700italic%2C900%2C900italic|font_style:400%20regular%3A400%3Anormal&#8221; css=&#8221;.vc_custom_1603202956261{margin-top: -25px !important;}&#8221; el_class=&#8221;hidden-sm hidden-xs&#8221;][vc_custom_heading<\/p>\n","protected":false},"author":1,"featured_media":0,"parent":0,"menu_order":0,"comment_status":"closed","ping_status":"closed","template":"","meta":[],"_links":{"self":[{"href":"https:\/\/www.biyofitos.com\/en\/wp-json\/wp\/v2\/pages\/3480"}],"collection":[{"href":"https:\/\/www.biyofitos.com\/en\/wp-json\/wp\/v2\/pages"}],"about":[{"href":"https:\/\/www.biyofitos.com\/en\/wp-json\/wp\/v2\/types\/page"}],"author":[{"embeddable":true,"href":"https:\/\/www.biyofitos.com\/en\/wp-json\/wp\/v2\/users\/1"}],"replies":[{"embeddable":true,"href":"https:\/\/www.biyofitos.com\/en\/wp-json\/wp\/v2\/comments?post=3480"}],"version-history":[{"count":2,"href":"https:\/\/www.biyofitos.com\/en\/wp-json\/wp\/v2\/pages\/3480\/revisions"}],"predecessor-version":[{"id":3482,"href":"https:\/\/www.biyofitos.com\/en\/wp-json\/wp\/v2\/pages\/3480\/revisions\/3482"}],"wp:attachment":[{"href":"https:\/\/www.biyofitos.com\/en\/wp-json\/wp\/v2\/media?parent=3480"}],"curies":[{"name":"wp","href":"https:\/\/api.w.org\/{rel}","templated":true}]}}